{"id":1132,"date":"2020-04-01T09:27:59","date_gmt":"2020-04-01T09:27:59","guid":{"rendered":"https:\/\/oneprida.africa\/?page_id=1132"},"modified":"2020-05-04T12:51:09","modified_gmt":"2020-05-04T12:51:09","slug":"harmonisation-du-spectre","status":"publish","type":"page","link":"https:\/\/oneprida.silicontechnolabs.com\/fr\/harmonisation-du-spectre\/","title":{"rendered":"Harmonisation du spectre"},"content":{"rendered":"<p>PRIDA Track 1 est la partie mise en \u0153uvre par l&rsquo;UIT de PRIDA, qui vise \u00e0 promouvoir <strong>l&rsquo;utilisation harmonis\u00e9e<\/strong> du spectre et les r\u00e9glementations en Afrique.<\/p>\n<p>Dans certains domaines comme l&rsquo;Afrique, des efforts suppl\u00e9mentaires doivent \u00eatre mobilis\u00e9s pour tirer parti de la promesse des TIC et permettre une plus grande efficacit\u00e9 des \u00e9conomies nationales. Les pays africains sont confront\u00e9s au d\u00e9fi de forger des politiques et des strat\u00e9gies appropri\u00e9es pour rendre les TIC disponibles, abordables et accessibles en tant que catalyseur essentiel du d\u00e9veloppement pour la construction de soci\u00e9t\u00e9s du savoir modernes, inclusives, r\u00e9silientes et durables.<\/p>\n<p>L&rsquo;infrastructure des TIC en Afrique a consid\u00e9rablement \u00e9volu\u00e9 au cours des derni\u00e8res d\u00e9cennies, y compris de nouveaux c\u00e2bles sous-marins internationaux encerclant le continent. Comme pour les autres continents, la demande de connectivit\u00e9 haut d\u00e9bit &#8211; et par extension, la demande de spectre et de d\u00e9ploiement de r\u00e9seaux haut d\u00e9bit pour les communications \u00e9lectroniques -, est un fait de plus en plus courant. Cependant, la disponibilit\u00e9 et l&rsquo;abordabilit\u00e9 de l&rsquo;acc\u00e8s \u00e0 large bande restent des d\u00e9fis dans de nombreux pays africains. Le faible niveau de p\u00e9n\u00e9tration du haut d\u00e9bit reste un obstacle au d\u00e9ploiement de services bas\u00e9s sur Internet qui ont le potentiel de d\u00e9bloquer le d\u00e9veloppement social et \u00e9conomique et de favoriser des services publics efficaces.<\/p>\n<p>Dans ce contexte, tous les pays africains doivent prendre des mesures pour r\u00e9soudre les probl\u00e8mes importants du spectre des fr\u00e9quences radio\u00e9lectriques, de son attribution en temps opportun, de l&rsquo;harmonisation de son utilisation et de sa disponibilit\u00e9 pour promouvoir l&rsquo;adoption et le d\u00e9ploiement du large bande mobile. Le rythme incessant du changement dans le d\u00e9veloppement des TIC exige la diversit\u00e9 et l&rsquo;adaptabilit\u00e9 des pratiques politiques, juridiques et r\u00e9glementaires. Permettre aux march\u00e9s des TIC de prosp\u00e9rer aujourd&rsquo;hui consiste \u00e0 trouver l&rsquo;\u00e9quilibre entre la cr\u00e9ation de la bonne incitation et l&rsquo;application des r\u00e8gles n\u00e9cessaires.<\/p>\n<p>L&rsquo;importance de cr\u00e9er un environnement juridique et r\u00e9glementaire juste, transparent, stable, pr\u00e9visible et non discriminatoire qui favorise la concurrence et attire les investissements ne peut \u00eatre surestim\u00e9e. Si ces derni\u00e8res ann\u00e9es, de nombreux pays africains ont progress\u00e9 vers une concurrence accrue, il reste encore beaucoup \u00e0 faire pour favoriser le d\u00e9ploiement des r\u00e9seaux \u00e0 large bande et les rendre abordables et accessibles.<\/p>\n<p>Des cadres politiques et r\u00e9glementaires solides pour le haut d\u00e9bit au niveau national et une harmonisation aux niveaux r\u00e9gional et panafricain jouent un r\u00f4le crucial en vue de jeter les bases \u00e0 travers le continent pour un march\u00e9 v\u00e9ritablement int\u00e9gr\u00e9 des services TIC permettant les investissements, l&rsquo;innovation et la croissance dans les secteurs des TIC et \u00e0 travers les \u00e9conomies.<\/p>\n<p>Malgr\u00e9 les initiatives men\u00e9es par les diff\u00e9rents acteurs, il reste encore beaucoup \u00e0 faire pour les consolider et les faire progresser. Afin de tirer pleinement parti des r\u00e9seaux \u00e0 large bande potentiels, il est essentiel d&rsquo;assurer le d\u00e9ploiement de la fibre optique, par exemple pour connecter les stations de base. \u00c0 cette fin, il est n\u00e9cessaire d&rsquo;avoir la situation actuelle de d\u00e9ploiement de la fibre optique pour orienter les investissements dans les zones d\u00e9ficitaires en infrastructure de fibre optique.<\/p>\n<p>En ce qui concerne la gestion efficace du spectre radio\u00e9lectrique, un cadre stable et pr\u00e9visible doit garantir que le spectre radio\u00e9lectrique est mis \u00e0 disposition sur la base de proc\u00e9dures administratives qui sont (i) ouvertes, (ii) transparentes et (iii) non discriminatoires.<\/p>\n<p>Par cons\u00e9quent, Track 1 vise \u00e0 se concentrer sur la cr\u00e9ation d&rsquo;un environnement propice, en particulier concernant le cadre du spectre radio\u00e9lectrique pour orienter les op\u00e9rateurs vers les meilleures solutions pour la rentabilit\u00e9, la qualit\u00e9 et la durabilit\u00e9 \u00e0 long terme du syst\u00e8me et pour pr\u00e9parer un environnement propice \u00e0 services bas\u00e9s sur Internet.<\/p>\n<p>Les efforts d&rsquo;harmonisation au niveau panafricain des quatre (4) fonctions essentielles (attribution de licences de spectre, tarification du spectre, r\u00e9am\u00e9nagement du spectre et coordination transfrontali\u00e8re des fr\u00e9quences) cr\u00e9eront les conditions pour des \u00e9conomies d&rsquo;\u00e9chelle et donc un d\u00e9ploiement rapide du haut d\u00e9bit sans fil, remplissant une importante le manque de compl\u00e9mentarit\u00e9 avec les efforts en cours ax\u00e9s sur les infrastructures pour accro\u00eetre l&rsquo;utilisation des TIC sur le continent.<\/p>\n<p>Track 1 comprend 27 actions allant de la cr\u00e9ation de lignes directrices continentales et r\u00e9gionales au renforcement des capacit\u00e9s, en passant par l&rsquo;aide aux pays pour transposer les lignes directrices au niveau national, l&rsquo;assistance technique directe, les conf\u00e9rences, la mise en \u0153uvre du HCM4A, etc.<\/p>\n<p><img loading=\"lazy\" decoding=\"async\" width=\"1280\" height=\"603\" class=\"aligncenter size-full wp-image-909\" src=\"https:\/\/prida.africa\/wp-content\/uploads\/2020\/03\/December-meeting.jpg\" alt=\"December Meeting\" srcset=\"https:\/\/oneprida.silicontechnolabs.com\/wp-content\/uploads\/2020\/03\/December-meeting.jpg 1280w, https:\/\/oneprida.silicontechnolabs.com\/wp-content\/uploads\/2020\/03\/December-meeting-300x141.jpg 300w, https:\/\/oneprida.silicontechnolabs.com\/wp-content\/uploads\/2020\/03\/December-meeting-1024x482.jpg 1024w, https:\/\/oneprida.silicontechnolabs.com\/wp-content\/uploads\/2020\/03\/December-meeting-768x362.jpg 768w, https:\/\/oneprida.silicontechnolabs.com\/wp-content\/uploads\/2020\/03\/December-meeting-1200x565.jpg 1200w\" sizes=\"auto, (max-width: 1280px) 100vw, 1280px\" \/><\/p>\n<p><h3>Le plan d&rsquo;action PRIDA Track 1 comprend:<\/h3>\n<\/p>\n<ul>\n<li>\n<p>\u00c9laboration de directives sur la r\u00e9glementation des radiofr\u00e9quences sur la base du R\u00e8glement des radiocommunications de l&rsquo;UIT, des Recommandations, Rapports et Manuels de l&rsquo;UIT-R, des cadres d&rsquo;harmonisation r\u00e9gionaux, des \u00e9tudes de cas, des exp\u00e9riences des pays et des consultations r\u00e9gionales.<\/p>\n<\/li>\n<li>\n<p>\u00c9laboration de directives pour la coordination nationale du spectre des fr\u00e9quences radio\u00e9lectriques, y compris les m\u00e9thodes de r\u00e9am\u00e9nagement.<\/p>\n<\/li>\n<li>\n<p>Sur la base des lignes directrices ci-dessus, proposer des am\u00e9liorations de la r\u00e9glementation nationale sur le spectre radio\u00e9lectrique.<\/p>\n<\/li>\n<li>\n<p>Sur la base des lignes directrices ci-dessus, proposer des plans de r\u00e9am\u00e9nagement harmonis\u00e9s pour l&rsquo;utilisation des bandes de fr\u00e9quences identifi\u00e9es pour la large bande sans fil.<\/p>\n<\/li>\n<li>\n<p>Sur la base des lignes directrices ci-dessus, proposer une feuille de route et des priorit\u00e9s pour le d\u00e9ploiement du haut d\u00e9bit sans fil en Afrique.<\/p>\n<\/li>\n<li>\n<p>Fournir une assistance technique aux entit\u00e9s nationales du spectre pour transposer ces feuilles de route.<\/p>\n<\/li>\n<li>\n<p>Collectez des informations sur la disponibilit\u00e9 des liaisons de liaison (y compris la fibre).<\/p>\n<\/li>\n<li>\n<p>\u00c9valuation de l&rsquo;accord HCM4A pour l&rsquo;Afrique subsaharienne et \u00e9valuation des accords actuels de coordination des fr\u00e9quences transfrontali\u00e8res + Mise \u00e0 jour du nombre de pays int\u00e9ress\u00e9s par la mise en \u0153uvre du HCM4A + Mise \u00e0 jour de l&rsquo;accord HCM4A en tenant compte des r\u00e9sultats des \u00e9valuations et de la version mise \u00e0 jour du HCM Europe<\/p>\n<\/li>\n<li>\n<p>Mise \u00e0 jour des accords de coordination transfrontali\u00e8re des fr\u00e9quences pour le d\u00e9ploiement du haut d\u00e9bit sans fil<\/p>\n<\/li>\n<li>\n<p>Organisation d&rsquo;ateliers pour valider l&rsquo;accord de coordination des fr\u00e9quences transfrontali\u00e8res mis \u00e0 jour et d\u00e9velopper le logiciel HCM4A<\/p>\n<\/li>\n<li>\n<p>Fournir un soutien \u00e0 la mise en \u0153uvre de l&rsquo;accord HCM4A mis \u00e0 jour et du logiciel en Afrique<\/p>\n<\/li>\n<li>\n<p>\u00c9laboration de lignes directrices et d&rsquo;\u00e9tudes de cas associ\u00e9es concernant les r\u00e8glements d&rsquo;homologation<\/p>\n<\/li>\n<li>\n<p>\u00c9laboration de lignes directrices et d&rsquo;\u00e9tudes de cas associ\u00e9es concernant les CEM et la CEM pour l&rsquo;IoT<\/p>\n<\/li>\n<li>\n<p>Pr\u00e9paration de directives pour l&rsquo;octroi de licences de spectre de fr\u00e9quences radio pour le haut d\u00e9bit sans fil + Pr\u00e9paration de directives pour la tarification + Pr\u00e9paration de directives d&rsquo;utilisation + Pr\u00e9paration de directives pour HCM4A<\/p>\n<\/li>\n<li>\n<p>Sur demande, aider les pays dans des cas sp\u00e9cifiques pour la coordination transfrontali\u00e8re des fr\u00e9quences et fournir une assistance technique pour la r\u00e9solution d&rsquo;une situation critique<\/p>\n<\/li>\n<li>\n<p>Fournir une sensibilisation politique sur le concept et les mod\u00e8les commerciaux de l&rsquo;IoT.<\/p>\n<\/li>\n<li>\n<p>Fournir un aper\u00e7u des activit\u00e9s de l&rsquo;UIT et assurer la participation aux r\u00e9unions pertinentes de l&rsquo;UIT.<\/p>\n<\/li>\n<li>\n<p>Organisation d&rsquo;ateliers sur les technologies num\u00e9riques et les questions de fr\u00e9quence pertinentes en relation avec l&rsquo;IoT.<\/p>\n<\/li>\n<li>\n<p>Organisation d&rsquo;ateliers de renforcement des capacit\u00e9s.<\/p>\n<\/li>\n<li>\n<p>Organisation de deux conf\u00e9rences continentales africaines annuelles 5G.<\/p>\n<\/li>\n<li>\n<p>Fournir une assistance technique directe aux pays (sur demande), sur: a) La transposition de nos directives pour la tarification; b) migration num\u00e9rique; c) Mise en \u0153uvre d&rsquo;un cadre r\u00e9glementaire moderne de gestion du spectre; d) Mise \u00e0 jour des tableaux nationaux d&rsquo;allocation; e) Autres (\u00e0 la demande des pays)<\/p>\n<\/li>\n<\/ul>\n","protected":false},"excerpt":{"rendered":"<p>PRIDA Track 1 est la partie mise en \u0153uvre par l&rsquo;UIT de PRIDA, qui vise \u00e0 promouvoir l&rsquo;utilisation harmonis\u00e9e du spectre et les r\u00e9glementations en Afrique. Dans certains domaines comme l&rsquo;Afrique, des efforts suppl\u00e9mentaires doivent \u00eatre mobilis\u00e9s pour tirer parti de la promesse des TIC et permettre une plus grande efficacit\u00e9 des \u00e9conomies nationales. Les [&hellip;]<\/p>\n","protected":false},"author":1,"featured_media":0,"parent":0,"menu_order":0,"comment_status":"closed","ping_status":"closed","template":"","meta":{"footnotes":""},"class_list":["post-1132","page","type-page","status-publish","hentry"],"yoast_head":"<!-- This site is optimized with the Yoast SEO plugin v22.7 - https:\/\/yoast.com\/wordpress\/plugins\/seo\/ -->\n<title>Harmonisation du spectre - PRIDA - Policy and Regulation Initiative for Digital Africa<\/title>\n<meta name=\"robots\" content=\"index, follow, max-snippet:-1, max-image-preview:large, max-video-preview:-1\" \/>\n<link rel=\"canonical\" href=\"https:\/\/oneprida.silicontechnolabs.com\/spectrum-harmonisation\/\" \/>\n<meta property=\"og:locale\" content=\"fr_FR\" \/>\n<meta property=\"og:type\" content=\"article\" \/>\n<meta property=\"og:title\" content=\"Harmonisation du spectre - PRIDA - Policy and Regulation Initiative for Digital Africa\" \/>\n<meta property=\"og:description\" content=\"PRIDA Track 1 est la partie mise en \u0153uvre par l&rsquo;UIT de PRIDA, qui vise \u00e0 promouvoir l&rsquo;utilisation harmonis\u00e9e du spectre et les r\u00e9glementations en Afrique. Dans certains domaines comme l&rsquo;Afrique, des efforts suppl\u00e9mentaires doivent \u00eatre mobilis\u00e9s pour tirer parti de la promesse des TIC et permettre une plus grande efficacit\u00e9 des \u00e9conomies nationales. Les [&hellip;]\" \/>\n<meta property=\"og:url\" content=\"https:\/\/oneprida.silicontechnolabs.com\/spectrum-harmonisation\/\" \/>\n<meta property=\"og:site_name\" content=\"PRIDA - Policy and Regulation Initiative for Digital Africa\" \/>\n<meta property=\"article:modified_time\" content=\"2020-05-04T12:51:09+00:00\" \/>\n<meta property=\"og:image\" content=\"https:\/\/prida.africa\/wp-content\/uploads\/2020\/03\/December-meeting.jpg\" \/>\n<meta name=\"twitter:card\" content=\"summary_large_image\" \/>\n<meta name=\"twitter:label1\" content=\"Dur\u00e9e de lecture estim\u00e9e\" \/>\n\t<meta name=\"twitter:data1\" content=\"7 minutes\" \/>\n<script type=\"application\/ld+json\" class=\"yoast-schema-graph\">{\"@context\":\"https:\/\/schema.org\",\"@graph\":[{\"@type\":\"WebPage\",\"@id\":\"https:\/\/oneprida.silicontechnolabs.com\/spectrum-harmonisation\/\",\"url\":\"https:\/\/oneprida.silicontechnolabs.com\/spectrum-harmonisation\/\",\"name\":\"Harmonisation du spectre - PRIDA - Policy and Regulation Initiative for Digital Africa\",\"isPartOf\":{\"@id\":\"https:\/\/oneprida.silicontechnolabs.com\/#website\"},\"primaryImageOfPage\":{\"@id\":\"https:\/\/oneprida.silicontechnolabs.com\/spectrum-harmonisation\/#primaryimage\"},\"image\":{\"@id\":\"https:\/\/oneprida.silicontechnolabs.com\/spectrum-harmonisation\/#primaryimage\"},\"thumbnailUrl\":\"https:\/\/prida.africa\/wp-content\/uploads\/2020\/03\/December-meeting.jpg\",\"datePublished\":\"2020-04-01T09:27:59+00:00\",\"dateModified\":\"2020-05-04T12:51:09+00:00\",\"breadcrumb\":{\"@id\":\"https:\/\/oneprida.silicontechnolabs.com\/spectrum-harmonisation\/#breadcrumb\"},\"inLanguage\":\"fr-FR\",\"potentialAction\":[{\"@type\":\"ReadAction\",\"target\":[\"https:\/\/oneprida.silicontechnolabs.com\/spectrum-harmonisation\/\"]}]},{\"@type\":\"ImageObject\",\"inLanguage\":\"fr-FR\",\"@id\":\"https:\/\/oneprida.silicontechnolabs.com\/spectrum-harmonisation\/#primaryimage\",\"url\":\"https:\/\/prida.africa\/wp-content\/uploads\/2020\/03\/December-meeting.jpg\",\"contentUrl\":\"https:\/\/prida.africa\/wp-content\/uploads\/2020\/03\/December-meeting.jpg\"},{\"@type\":\"BreadcrumbList\",\"@id\":\"https:\/\/oneprida.silicontechnolabs.com\/spectrum-harmonisation\/#breadcrumb\",\"itemListElement\":[{\"@type\":\"ListItem\",\"position\":1,\"name\":\"Home\",\"item\":\"https:\/\/oneprida.silicontechnolabs.com\/fr\/\"},{\"@type\":\"ListItem\",\"position\":2,\"name\":\"Harmonisation du spectre\"}]},{\"@type\":\"WebSite\",\"@id\":\"https:\/\/oneprida.silicontechnolabs.com\/#website\",\"url\":\"https:\/\/oneprida.silicontechnolabs.com\/\",\"name\":\"PRIDA - Policy and Regulation Initiative for Digital Africa\",\"description\":\"PRIDA will foster universally accessible and affordable broadband across Africa.\",\"potentialAction\":[{\"@type\":\"SearchAction\",\"target\":{\"@type\":\"EntryPoint\",\"urlTemplate\":\"https:\/\/oneprida.silicontechnolabs.com\/?s={search_term_string}\"},\"query-input\":\"required name=search_term_string\"}],\"inLanguage\":\"fr-FR\"}]}<\/script>\n<!-- \/ Yoast SEO plugin. -->","yoast_head_json":{"title":"Harmonisation du spectre - PRIDA - Policy and Regulation Initiative for Digital Africa","robots":{"index":"index","follow":"follow","max-snippet":"max-snippet:-1","max-image-preview":"max-image-preview:large","max-video-preview":"max-video-preview:-1"},"canonical":"https:\/\/oneprida.silicontechnolabs.com\/spectrum-harmonisation\/","og_locale":"fr_FR","og_type":"article","og_title":"Harmonisation du spectre - PRIDA - Policy and Regulation Initiative for Digital Africa","og_description":"PRIDA Track 1 est la partie mise en \u0153uvre par l&rsquo;UIT de PRIDA, qui vise \u00e0 promouvoir l&rsquo;utilisation harmonis\u00e9e du spectre et les r\u00e9glementations en Afrique. Dans certains domaines comme l&rsquo;Afrique, des efforts suppl\u00e9mentaires doivent \u00eatre mobilis\u00e9s pour tirer parti de la promesse des TIC et permettre une plus grande efficacit\u00e9 des \u00e9conomies nationales. Les [&hellip;]","og_url":"https:\/\/oneprida.silicontechnolabs.com\/spectrum-harmonisation\/","og_site_name":"PRIDA - Policy and Regulation Initiative for Digital Africa","article_modified_time":"2020-05-04T12:51:09+00:00","og_image":[{"url":"https:\/\/prida.africa\/wp-content\/uploads\/2020\/03\/December-meeting.jpg"}],"twitter_card":"summary_large_image","twitter_misc":{"Dur\u00e9e de lecture estim\u00e9e":"7 minutes"},"schema":{"@context":"https:\/\/schema.org","@graph":[{"@type":"WebPage","@id":"https:\/\/oneprida.silicontechnolabs.com\/spectrum-harmonisation\/","url":"https:\/\/oneprida.silicontechnolabs.com\/spectrum-harmonisation\/","name":"Harmonisation du spectre - PRIDA - Policy and Regulation Initiative for Digital Africa","isPartOf":{"@id":"https:\/\/oneprida.silicontechnolabs.com\/#website"},"primaryImageOfPage":{"@id":"https:\/\/oneprida.silicontechnolabs.com\/spectrum-harmonisation\/#primaryimage"},"image":{"@id":"https:\/\/oneprida.silicontechnolabs.com\/spectrum-harmonisation\/#primaryimage"},"thumbnailUrl":"https:\/\/prida.africa\/wp-content\/uploads\/2020\/03\/December-meeting.jpg","datePublished":"2020-04-01T09:27:59+00:00","dateModified":"2020-05-04T12:51:09+00:00","breadcrumb":{"@id":"https:\/\/oneprida.silicontechnolabs.com\/spectrum-harmonisation\/#breadcrumb"},"inLanguage":"fr-FR","potentialAction":[{"@type":"ReadAction","target":["https:\/\/oneprida.silicontechnolabs.com\/spectrum-harmonisation\/"]}]},{"@type":"ImageObject","inLanguage":"fr-FR","@id":"https:\/\/oneprida.silicontechnolabs.com\/spectrum-harmonisation\/#primaryimage","url":"https:\/\/prida.africa\/wp-content\/uploads\/2020\/03\/December-meeting.jpg","contentUrl":"https:\/\/prida.africa\/wp-content\/uploads\/2020\/03\/December-meeting.jpg"},{"@type":"BreadcrumbList","@id":"https:\/\/oneprida.silicontechnolabs.com\/spectrum-harmonisation\/#breadcrumb","itemListElement":[{"@type":"ListItem","position":1,"name":"Home","item":"https:\/\/oneprida.silicontechnolabs.com\/fr\/"},{"@type":"ListItem","position":2,"name":"Harmonisation du spectre"}]},{"@type":"WebSite","@id":"https:\/\/oneprida.silicontechnolabs.com\/#website","url":"https:\/\/oneprida.silicontechnolabs.com\/","name":"PRIDA - Policy and Regulation Initiative for Digital Africa","description":"PRIDA will foster universally accessible and affordable broadband across Africa.","potentialAction":[{"@type":"SearchAction","target":{"@type":"EntryPoint","urlTemplate":"https:\/\/oneprida.silicontechnolabs.com\/?s={search_term_string}"},"query-input":"required name=search_term_string"}],"inLanguage":"fr-FR"}]}},"_links":{"self":[{"href":"https:\/\/oneprida.silicontechnolabs.com\/fr\/wp-json\/wp\/v2\/pages\/1132","targetHints":{"allow":["GET"]}}],"collection":[{"href":"https:\/\/oneprida.silicontechnolabs.com\/fr\/wp-json\/wp\/v2\/pages"}],"about":[{"href":"https:\/\/oneprida.silicontechnolabs.com\/fr\/wp-json\/wp\/v2\/types\/page"}],"author":[{"embeddable":true,"href":"https:\/\/oneprida.silicontechnolabs.com\/fr\/wp-json\/wp\/v2\/users\/1"}],"replies":[{"embeddable":true,"href":"https:\/\/oneprida.silicontechnolabs.com\/fr\/wp-json\/wp\/v2\/comments?post=1132"}],"version-history":[{"count":6,"href":"https:\/\/oneprida.silicontechnolabs.com\/fr\/wp-json\/wp\/v2\/pages\/1132\/revisions"}],"predecessor-version":[{"id":1522,"href":"https:\/\/oneprida.silicontechnolabs.com\/fr\/wp-json\/wp\/v2\/pages\/1132\/revisions\/1522"}],"wp:attachment":[{"href":"https:\/\/oneprida.silicontechnolabs.com\/fr\/wp-json\/wp\/v2\/media?parent=1132"}],"curies":[{"name":"wp","href":"https:\/\/api.w.org\/{rel}","templated":true}]}}