{"id":1308,"date":"2020-04-16T11:47:22","date_gmt":"2020-04-16T11:47:22","guid":{"rendered":"https:\/\/oneprida.africa\/?page_id=1308"},"modified":"2020-04-27T07:45:02","modified_gmt":"2020-04-27T07:45:02","slug":"harmonisation-des-politiques","status":"publish","type":"page","link":"https:\/\/oneprida.silicontechnolabs.com\/fr\/harmonisation-des-politiques\/","title":{"rendered":"HARMONISATION DES POLITIQUES"},"content":{"rendered":"<p>L&rsquo;objectif \u00a0g\u00e9n\u00e9ral du projet PRIDA est de cr\u00e9er un environnement politique favorable et les conditions l\u00e9gales et r\u00e9glementaires \u00e0 m\u00eame de soutenir et de faciliter la transformation et l&rsquo;int\u00e9gration num\u00e9riques du continent.<\/p>\n<p>Ce projet est en accord avec le mandat de la Commission de l&rsquo;Union Africaine (CUA) en mati\u00e8re d&rsquo;harmonisation des politiques et de coordination des initiatives r\u00e9gionales.<\/p>\n<p>Comme indiqu\u00e9 dans la d\u00e9claration du Caire de 2008, les Ministres Africains des TIC et de la Communication se sont engag\u00e9s \u00e0 harmoniser les politiques des t\u00e9l\u00e9communications \/ TIC et des postes\u00a0 aux niveaux r\u00e9gional et continental et les consid\u00e8re comme un catalyseur du d\u00e9veloppement \u00a0\u00e9conomique et social.<\/p>\n<p>A cet \u00e9gard, le projet PRIDA vise particuli\u00e8rement \u00e0 am\u00e9liorer le niveau d&rsquo;harmonisation des \u00a0politiques, des cadres juridiques et r\u00e9glementaires des TIC et des t\u00e9l\u00e9communications en Afrique, \u00e0 renforcer la coop\u00e9ration entre les autorit\u00e9s nationales de r\u00e9gulation des t\u00e9l\u00e9communications et les associations r\u00e9gionale des r\u00e9gulateurs et aussi \u00a0\u00e0 sensibiliser les d\u00e9cideurs Africains , les autorit\u00e9s publiques et la soci\u00e9t\u00e9 civile quant \u00e0 \u00a0l&rsquo;utilisation croissante et transversale des TIC dans tous les secteurs.<\/p>\n<p>Il convient de noter que des politiques harmonis\u00e9es et un environnement r\u00e9glementaire efficace au niveau continental ont le potentiel de construire un \u00e9cosyst\u00e8me num\u00e9rique consolid\u00e9, \u00a0de favoriser le d\u00e9veloppement d&rsquo;une \u00e9conomie num\u00e9rique inclusive et de contribuer au bien-\u00eatre des consommateurs \u00e0 travers le continent. Cela permettra \u00e9galement d\u2019accro\u00eetre la concurrence et de favoriser l\u2019ouverture progressive du march\u00e9 des TIC pour une plus grande efficacit\u00e9 et accessibilit\u00e9 aux services.<\/p>\n<p>Dans le cadre de la mise en \u0153uvre du projet PRIDA, une m\u00e9thodologie continentale de suivi et d&rsquo;\u00e9valuation applicable au contexte africain est en cours d&rsquo;\u00e9laboration pour soutenir et mesurer l&rsquo;harmonisation des politiques et r\u00e9glementations des TIC aux niveaux r\u00e9gional et continental, un agenda tourn\u00e9 vers l&rsquo;avenir qui aspire notamment \u00e0 r\u00e9ponde aux r\u00e9alit\u00e9s changeantes des TIC\u00a0 et qui comprend l&rsquo;\u00e9laboration de directives politiques et r\u00e9glementaires pour un nombre de domaines d&rsquo;int\u00e9r\u00eats communs pour les \u00c9tats Membres de l&rsquo;UA ainsi que l\u2019\u00e9laboration \u00a0une Strat\u00e9gie d&rsquo;Harmonisation Continentale .<\/p>\n<p>Les objectifs strat\u00e9giques du projet PRIDA sont les suivants:<\/p>\n<ol>\n<li>\u00a0Favoriser le d\u00e9veloppement de cadres politiques, juridiques et r\u00e9glementaires pour\u00a0 favoriser et\u00a0 appuyer \u00a0le d\u00e9veloppement du secteur des TIC en Afrique.\n<\/li>\n<li>\u00a0Atteindre un niveau \u00e9lev\u00e9 d&rsquo;harmonisation des politiques continentales et des l\u00e9gislations par le d\u00e9veloppement d&rsquo;une m\u00e9thodologie de suivi et d&rsquo;\u00e9valuation et la mise en \u0153uvre d&rsquo;une strat\u00e9gie d&rsquo;harmonisation continentale pour rem\u00e9dier aux faiblesses actuelles.\n<\/li>\n<li>\u00a0Renforcement de l&rsquo;harmonisation des r\u00e9glementations des TIC au niveau continentale gr\u00e2ce \u00e0 la coop\u00e9ration\u00a0 entre les autorit\u00e9s r\u00e9glementaires nationales de t\u00e9l\u00e9communications \/TIC; les Associations R\u00e9gionale des R\u00e9gulateurs et la Commission de l\u2019Union Africaine.<\/li>\n<\/ol>\n","protected":false},"excerpt":{"rendered":"<p>L&rsquo;objectif \u00a0g\u00e9n\u00e9ral du projet PRIDA est de cr\u00e9er un environnement politique favorable et les conditions l\u00e9gales et r\u00e9glementaires \u00e0 m\u00eame de soutenir et de faciliter la transformation et l&rsquo;int\u00e9gration num\u00e9riques du continent. Ce projet est en accord avec le mandat de la Commission de l&rsquo;Union Africaine (CUA) en mati\u00e8re d&rsquo;harmonisation des politiques et de coordination [&hellip;]<\/p>\n","protected":false},"author":1,"featured_media":0,"parent":0,"menu_order":0,"comment_status":"closed","ping_status":"closed","template":"","meta":{"footnotes":""},"class_list":["post-1308","page","type-page","status-publish","hentry"],"yoast_head":"<!-- This site is optimized with the Yoast SEO plugin v22.7 - https:\/\/yoast.com\/wordpress\/plugins\/seo\/ -->\n<title>HARMONISATION DES POLITIQUES - PRIDA - Policy and Regulation Initiative for Digital Africa<\/title>\n<meta name=\"robots\" content=\"index, follow, max-snippet:-1, max-image-preview:large, max-video-preview:-1\" \/>\n<link rel=\"canonical\" href=\"https:\/\/oneprida.silicontechnolabs.com\/policy-harmonisation\/\" \/>\n<meta property=\"og:locale\" content=\"fr_FR\" \/>\n<meta property=\"og:type\" content=\"article\" \/>\n<meta property=\"og:title\" content=\"HARMONISATION DES POLITIQUES - PRIDA - Policy and Regulation Initiative for Digital Africa\" \/>\n<meta property=\"og:description\" content=\"L&rsquo;objectif \u00a0g\u00e9n\u00e9ral du projet PRIDA est de cr\u00e9er un environnement politique favorable et les conditions l\u00e9gales et r\u00e9glementaires \u00e0 m\u00eame de soutenir et de faciliter la transformation et l&rsquo;int\u00e9gration num\u00e9riques du continent. Ce projet est en accord avec le mandat de la Commission de l&rsquo;Union Africaine (CUA) en mati\u00e8re d&rsquo;harmonisation des politiques et de coordination [&hellip;]\" \/>\n<meta property=\"og:url\" content=\"https:\/\/oneprida.silicontechnolabs.com\/policy-harmonisation\/\" \/>\n<meta property=\"og:site_name\" content=\"PRIDA - Policy and Regulation Initiative for Digital Africa\" \/>\n<meta property=\"article:modified_time\" content=\"2020-04-27T07:45:02+00:00\" \/>\n<meta name=\"twitter:card\" content=\"summary_large_image\" \/>\n<meta name=\"twitter:label1\" content=\"Dur\u00e9e de lecture estim\u00e9e\" \/>\n\t<meta name=\"twitter:data1\" content=\"2 minutes\" \/>\n<script type=\"application\/ld+json\" class=\"yoast-schema-graph\">{\"@context\":\"https:\/\/schema.org\",\"@graph\":[{\"@type\":\"WebPage\",\"@id\":\"https:\/\/oneprida.silicontechnolabs.com\/policy-harmonisation\/\",\"url\":\"https:\/\/oneprida.silicontechnolabs.com\/policy-harmonisation\/\",\"name\":\"HARMONISATION DES POLITIQUES - PRIDA - Policy and Regulation Initiative for Digital Africa\",\"isPartOf\":{\"@id\":\"https:\/\/oneprida.silicontechnolabs.com\/#website\"},\"datePublished\":\"2020-04-16T11:47:22+00:00\",\"dateModified\":\"2020-04-27T07:45:02+00:00\",\"breadcrumb\":{\"@id\":\"https:\/\/oneprida.silicontechnolabs.com\/policy-harmonisation\/#breadcrumb\"},\"inLanguage\":\"fr-FR\",\"potentialAction\":[{\"@type\":\"ReadAction\",\"target\":[\"https:\/\/oneprida.silicontechnolabs.com\/policy-harmonisation\/\"]}]},{\"@type\":\"BreadcrumbList\",\"@id\":\"https:\/\/oneprida.silicontechnolabs.com\/policy-harmonisation\/#breadcrumb\",\"itemListElement\":[{\"@type\":\"ListItem\",\"position\":1,\"name\":\"Home\",\"item\":\"https:\/\/oneprida.silicontechnolabs.com\/fr\/\"},{\"@type\":\"ListItem\",\"position\":2,\"name\":\"HARMONISATION DES POLITIQUES\"}]},{\"@type\":\"WebSite\",\"@id\":\"https:\/\/oneprida.silicontechnolabs.com\/#website\",\"url\":\"https:\/\/oneprida.silicontechnolabs.com\/\",\"name\":\"PRIDA - Policy and Regulation Initiative for Digital Africa\",\"description\":\"PRIDA will foster universally accessible and affordable broadband across Africa.\",\"potentialAction\":[{\"@type\":\"SearchAction\",\"target\":{\"@type\":\"EntryPoint\",\"urlTemplate\":\"https:\/\/oneprida.silicontechnolabs.com\/?s={search_term_string}\"},\"query-input\":\"required name=search_term_string\"}],\"inLanguage\":\"fr-FR\"}]}<\/script>\n<!-- \/ Yoast SEO plugin. -->","yoast_head_json":{"title":"HARMONISATION DES POLITIQUES - PRIDA - Policy and Regulation Initiative for Digital Africa","robots":{"index":"index","follow":"follow","max-snippet":"max-snippet:-1","max-image-preview":"max-image-preview:large","max-video-preview":"max-video-preview:-1"},"canonical":"https:\/\/oneprida.silicontechnolabs.com\/policy-harmonisation\/","og_locale":"fr_FR","og_type":"article","og_title":"HARMONISATION DES POLITIQUES - PRIDA - Policy and Regulation Initiative for Digital Africa","og_description":"L&rsquo;objectif \u00a0g\u00e9n\u00e9ral du projet PRIDA est de cr\u00e9er un environnement politique favorable et les conditions l\u00e9gales et r\u00e9glementaires \u00e0 m\u00eame de soutenir et de faciliter la transformation et l&rsquo;int\u00e9gration num\u00e9riques du continent. Ce projet est en accord avec le mandat de la Commission de l&rsquo;Union Africaine (CUA) en mati\u00e8re d&rsquo;harmonisation des politiques et de coordination [&hellip;]","og_url":"https:\/\/oneprida.silicontechnolabs.com\/policy-harmonisation\/","og_site_name":"PRIDA - Policy and Regulation Initiative for Digital Africa","article_modified_time":"2020-04-27T07:45:02+00:00","twitter_card":"summary_large_image","twitter_misc":{"Dur\u00e9e de lecture estim\u00e9e":"2 minutes"},"schema":{"@context":"https:\/\/schema.org","@graph":[{"@type":"WebPage","@id":"https:\/\/oneprida.silicontechnolabs.com\/policy-harmonisation\/","url":"https:\/\/oneprida.silicontechnolabs.com\/policy-harmonisation\/","name":"HARMONISATION DES POLITIQUES - PRIDA - Policy and Regulation Initiative for Digital Africa","isPartOf":{"@id":"https:\/\/oneprida.silicontechnolabs.com\/#website"},"datePublished":"2020-04-16T11:47:22+00:00","dateModified":"2020-04-27T07:45:02+00:00","breadcrumb":{"@id":"https:\/\/oneprida.silicontechnolabs.com\/policy-harmonisation\/#breadcrumb"},"inLanguage":"fr-FR","potentialAction":[{"@type":"ReadAction","target":["https:\/\/oneprida.silicontechnolabs.com\/policy-harmonisation\/"]}]},{"@type":"BreadcrumbList","@id":"https:\/\/oneprida.silicontechnolabs.com\/policy-harmonisation\/#breadcrumb","itemListElement":[{"@type":"ListItem","position":1,"name":"Home","item":"https:\/\/oneprida.silicontechnolabs.com\/fr\/"},{"@type":"ListItem","position":2,"name":"HARMONISATION DES POLITIQUES"}]},{"@type":"WebSite","@id":"https:\/\/oneprida.silicontechnolabs.com\/#website","url":"https:\/\/oneprida.silicontechnolabs.com\/","name":"PRIDA - Policy and Regulation Initiative for Digital Africa","description":"PRIDA will foster universally accessible and affordable broadband across Africa.","potentialAction":[{"@type":"SearchAction","target":{"@type":"EntryPoint","urlTemplate":"https:\/\/oneprida.silicontechnolabs.com\/?s={search_term_string}"},"query-input":"required name=search_term_string"}],"inLanguage":"fr-FR"}]}},"_links":{"self":[{"href":"https:\/\/oneprida.silicontechnolabs.com\/fr\/wp-json\/wp\/v2\/pages\/1308","targetHints":{"allow":["GET"]}}],"collection":[{"href":"https:\/\/oneprida.silicontechnolabs.com\/fr\/wp-json\/wp\/v2\/pages"}],"about":[{"href":"https:\/\/oneprida.silicontechnolabs.com\/fr\/wp-json\/wp\/v2\/types\/page"}],"author":[{"embeddable":true,"href":"https:\/\/oneprida.silicontechnolabs.com\/fr\/wp-json\/wp\/v2\/users\/1"}],"replies":[{"embeddable":true,"href":"https:\/\/oneprida.silicontechnolabs.com\/fr\/wp-json\/wp\/v2\/comments?post=1308"}],"version-history":[{"count":3,"href":"https:\/\/oneprida.silicontechnolabs.com\/fr\/wp-json\/wp\/v2\/pages\/1308\/revisions"}],"predecessor-version":[{"id":1479,"href":"https:\/\/oneprida.silicontechnolabs.com\/fr\/wp-json\/wp\/v2\/pages\/1308\/revisions\/1479"}],"wp:attachment":[{"href":"https:\/\/oneprida.silicontechnolabs.com\/fr\/wp-json\/wp\/v2\/media?parent=1308"}],"curies":[{"name":"wp","href":"https:\/\/api.w.org\/{rel}","templated":true}]}}