{"id":1338,"date":"2020-03-30T17:49:44","date_gmt":"2020-03-30T17:49:44","guid":{"rendered":"https:\/\/oneprida.africa\/internet-governance\/"},"modified":"2020-05-04T08:49:44","modified_gmt":"2020-05-04T08:49:44","slug":"gouvernance-de-l-internet","status":"publish","type":"page","link":"https:\/\/oneprida.silicontechnolabs.com\/fr\/gouvernance-de-l-internet\/","title":{"rendered":"GOUVERNANCE DE L\u00b4INTERNET"},"content":{"rendered":"<p>Ce projet vise \u00e0 autonomiser les utilisateurs africains de l\u2019Internet aux niveaux national, r\u00e9gional et continental par l\u2019administration de programmes complets et durables de renforcement des capacit\u00e9s et d\u2019activit\u00e9s d\u2019encadrement sur les questions de politiques num\u00e9riques en vue de la mise en place de politiques globales et de normes.<\/p>\n<p>Le raffermissement de la voix de l\u2019Afrique dans le d\u00e9bat mondial sur la gouvernance de l&rsquo;Internet est pour contribuer \u00e0 faire des questions africaines une priorit\u00e9 une condition sine qua non qui, \u00e0 son tour, a le potentiel de rendre les politiques et normes mondiales de l&rsquo;Internet plus appropri\u00e9es au contexte africain. Cela cr\u00e9erait un environnement plus favorable et propice aux innovations num\u00e9riques et \u00e0 l\u2019utilisation des technologies num\u00e9riques courantes dans tous les secteurs de d\u00e9veloppement.<\/p>\n<p>Un des r\u00e9sultatsmajeurs attendus du projet PRIDA est de renforcer les capacit\u00e9s des parties prenantes africaines pour permettre une participation plus active au d\u00e9bat mondial sur la gouvernance de l&rsquo;Internet dans le but de mettre en \u00e9vidence les d\u00e9fis et pr\u00e9occupations de l\u2019Afrique dans la gestion de l&rsquo;espace num\u00e9rique au niveau mondial.<\/p>\n<p>En r\u00e9sum\u00e9, les principaux objectifs du projet sont les suivants:<\/p>\n<ol>\n<li>\u00a0Renforcer les capacit\u00e9s des divers groupes de parties prenantes de la gouvernance de l&rsquo;Internet repr\u00e9sentant les gouvernements, la soci\u00e9t\u00e9 civile, le secteur priv\u00e9 et les milieux technique sur les questions li\u00e9es \u00e0 l&rsquo;IG;\n<\/li>\n<li>Rationaliser et coordonnerles processus de l\u2019IG aux niveaux national, r\u00e9gional et continental et renforcer les synergies et m\u00e9canismes de retour d&rsquo;information dans le but de formuler des positions africaines communes sur les nouveaux d\u00e9fis de la gouvernance de l&rsquo;Internet;\n<\/li>\n<li>Am\u00e9liorer la qualit\u00e9 des d\u00e9cisions prises par les d\u00e9cideurs politiques et les n\u00e9gociateurs sur les questions li\u00e9es \u00e0 l&rsquo;IG gr\u00e2ce \u00e0 des services d\u2019encadrement avant et pendant les r\u00e9unions internationales o\u00f9 les d\u00e9cisions cl\u00e9s sont prises.<\/li>\n<\/ol>\n","protected":false},"excerpt":{"rendered":"<p>Ce projet vise \u00e0 autonomiser les utilisateurs africains de l\u2019Internet aux niveaux national, r\u00e9gional et continental par l\u2019administration de programmes complets et durables de renforcement des capacit\u00e9s et d\u2019activit\u00e9s d\u2019encadrement sur les questions de politiques num\u00e9riques en vue de la mise en place de politiques globales et de normes. Le raffermissement de la voix de [&hellip;]<\/p>\n","protected":false},"author":1,"featured_media":0,"parent":0,"menu_order":0,"comment_status":"closed","ping_status":"closed","template":"templates\/template-internet-governance.php","meta":{"footnotes":""},"class_list":["post-1338","page","type-page","status-publish","hentry"],"yoast_head":"<!-- This site is optimized with the Yoast SEO plugin v22.7 - https:\/\/yoast.com\/wordpress\/plugins\/seo\/ -->\n<title>GOUVERNANCE DE L\u00b4INTERNET - PRIDA - Policy and Regulation Initiative for Digital Africa<\/title>\n<meta name=\"robots\" content=\"index, follow, max-snippet:-1, max-image-preview:large, max-video-preview:-1\" \/>\n<link rel=\"canonical\" href=\"https:\/\/oneprida.silicontechnolabs.com\/fr\/gouvernance-de-l-internet\/\" \/>\n<meta property=\"og:locale\" content=\"fr_FR\" \/>\n<meta property=\"og:type\" content=\"article\" \/>\n<meta property=\"og:title\" content=\"GOUVERNANCE DE L\u00b4INTERNET - PRIDA - Policy and Regulation Initiative for Digital Africa\" \/>\n<meta property=\"og:description\" content=\"Ce projet vise \u00e0 autonomiser les utilisateurs africains de l\u2019Internet aux niveaux national, r\u00e9gional et continental par l\u2019administration de programmes complets et durables de renforcement des capacit\u00e9s et d\u2019activit\u00e9s d\u2019encadrement sur les questions de politiques num\u00e9riques en vue de la mise en place de politiques globales et de normes. Le raffermissement de la voix de [&hellip;]\" \/>\n<meta property=\"og:url\" content=\"https:\/\/oneprida.silicontechnolabs.com\/fr\/gouvernance-de-l-internet\/\" \/>\n<meta property=\"og:site_name\" content=\"PRIDA - Policy and Regulation Initiative for Digital Africa\" \/>\n<meta property=\"article:modified_time\" content=\"2020-05-04T08:49:44+00:00\" \/>\n<meta name=\"twitter:card\" content=\"summary_large_image\" \/>\n<meta name=\"twitter:label1\" content=\"Dur\u00e9e de lecture estim\u00e9e\" \/>\n\t<meta name=\"twitter:data1\" content=\"2 minutes\" \/>\n<script type=\"application\/ld+json\" class=\"yoast-schema-graph\">{\"@context\":\"https:\/\/schema.org\",\"@graph\":[{\"@type\":\"WebPage\",\"@id\":\"https:\/\/oneprida.silicontechnolabs.com\/fr\/gouvernance-de-l-internet\/\",\"url\":\"https:\/\/oneprida.silicontechnolabs.com\/fr\/gouvernance-de-l-internet\/\",\"name\":\"GOUVERNANCE DE L\u00b4INTERNET - PRIDA - Policy and Regulation Initiative for Digital Africa\",\"isPartOf\":{\"@id\":\"https:\/\/oneprida.silicontechnolabs.com\/#website\"},\"datePublished\":\"2020-03-30T17:49:44+00:00\",\"dateModified\":\"2020-05-04T08:49:44+00:00\",\"breadcrumb\":{\"@id\":\"https:\/\/oneprida.silicontechnolabs.com\/fr\/gouvernance-de-l-internet\/#breadcrumb\"},\"inLanguage\":\"fr-FR\",\"potentialAction\":[{\"@type\":\"ReadAction\",\"target\":[\"https:\/\/oneprida.silicontechnolabs.com\/fr\/gouvernance-de-l-internet\/\"]}]},{\"@type\":\"BreadcrumbList\",\"@id\":\"https:\/\/oneprida.silicontechnolabs.com\/fr\/gouvernance-de-l-internet\/#breadcrumb\",\"itemListElement\":[{\"@type\":\"ListItem\",\"position\":1,\"name\":\"Home\",\"item\":\"https:\/\/oneprida.silicontechnolabs.com\/fr\/\"},{\"@type\":\"ListItem\",\"position\":2,\"name\":\"GOUVERNANCE DE L\u00b4INTERNET\"}]},{\"@type\":\"WebSite\",\"@id\":\"https:\/\/oneprida.silicontechnolabs.com\/#website\",\"url\":\"https:\/\/oneprida.silicontechnolabs.com\/\",\"name\":\"PRIDA - Policy and Regulation Initiative for Digital Africa\",\"description\":\"PRIDA will foster universally accessible and affordable broadband across Africa.\",\"potentialAction\":[{\"@type\":\"SearchAction\",\"target\":{\"@type\":\"EntryPoint\",\"urlTemplate\":\"https:\/\/oneprida.silicontechnolabs.com\/?s={search_term_string}\"},\"query-input\":\"required name=search_term_string\"}],\"inLanguage\":\"fr-FR\"}]}<\/script>\n<!-- \/ Yoast SEO plugin. -->","yoast_head_json":{"title":"GOUVERNANCE DE L\u00b4INTERNET - PRIDA - Policy and Regulation Initiative for Digital Africa","robots":{"index":"index","follow":"follow","max-snippet":"max-snippet:-1","max-image-preview":"max-image-preview:large","max-video-preview":"max-video-preview:-1"},"canonical":"https:\/\/oneprida.silicontechnolabs.com\/fr\/gouvernance-de-l-internet\/","og_locale":"fr_FR","og_type":"article","og_title":"GOUVERNANCE DE L\u00b4INTERNET - PRIDA - Policy and Regulation Initiative for Digital Africa","og_description":"Ce projet vise \u00e0 autonomiser les utilisateurs africains de l\u2019Internet aux niveaux national, r\u00e9gional et continental par l\u2019administration de programmes complets et durables de renforcement des capacit\u00e9s et d\u2019activit\u00e9s d\u2019encadrement sur les questions de politiques num\u00e9riques en vue de la mise en place de politiques globales et de normes. Le raffermissement de la voix de [&hellip;]","og_url":"https:\/\/oneprida.silicontechnolabs.com\/fr\/gouvernance-de-l-internet\/","og_site_name":"PRIDA - Policy and Regulation Initiative for Digital Africa","article_modified_time":"2020-05-04T08:49:44+00:00","twitter_card":"summary_large_image","twitter_misc":{"Dur\u00e9e de lecture estim\u00e9e":"2 minutes"},"schema":{"@context":"https:\/\/schema.org","@graph":[{"@type":"WebPage","@id":"https:\/\/oneprida.silicontechnolabs.com\/fr\/gouvernance-de-l-internet\/","url":"https:\/\/oneprida.silicontechnolabs.com\/fr\/gouvernance-de-l-internet\/","name":"GOUVERNANCE DE L\u00b4INTERNET - PRIDA - Policy and Regulation Initiative for Digital Africa","isPartOf":{"@id":"https:\/\/oneprida.silicontechnolabs.com\/#website"},"datePublished":"2020-03-30T17:49:44+00:00","dateModified":"2020-05-04T08:49:44+00:00","breadcrumb":{"@id":"https:\/\/oneprida.silicontechnolabs.com\/fr\/gouvernance-de-l-internet\/#breadcrumb"},"inLanguage":"fr-FR","potentialAction":[{"@type":"ReadAction","target":["https:\/\/oneprida.silicontechnolabs.com\/fr\/gouvernance-de-l-internet\/"]}]},{"@type":"BreadcrumbList","@id":"https:\/\/oneprida.silicontechnolabs.com\/fr\/gouvernance-de-l-internet\/#breadcrumb","itemListElement":[{"@type":"ListItem","position":1,"name":"Home","item":"https:\/\/oneprida.silicontechnolabs.com\/fr\/"},{"@type":"ListItem","position":2,"name":"GOUVERNANCE DE L\u00b4INTERNET"}]},{"@type":"WebSite","@id":"https:\/\/oneprida.silicontechnolabs.com\/#website","url":"https:\/\/oneprida.silicontechnolabs.com\/","name":"PRIDA - Policy and Regulation Initiative for Digital Africa","description":"PRIDA will foster universally accessible and affordable broadband across Africa.","potentialAction":[{"@type":"SearchAction","target":{"@type":"EntryPoint","urlTemplate":"https:\/\/oneprida.silicontechnolabs.com\/?s={search_term_string}"},"query-input":"required name=search_term_string"}],"inLanguage":"fr-FR"}]}},"_links":{"self":[{"href":"https:\/\/oneprida.silicontechnolabs.com\/fr\/wp-json\/wp\/v2\/pages\/1338","targetHints":{"allow":["GET"]}}],"collection":[{"href":"https:\/\/oneprida.silicontechnolabs.com\/fr\/wp-json\/wp\/v2\/pages"}],"about":[{"href":"https:\/\/oneprida.silicontechnolabs.com\/fr\/wp-json\/wp\/v2\/types\/page"}],"author":[{"embeddable":true,"href":"https:\/\/oneprida.silicontechnolabs.com\/fr\/wp-json\/wp\/v2\/users\/1"}],"replies":[{"embeddable":true,"href":"https:\/\/oneprida.silicontechnolabs.com\/fr\/wp-json\/wp\/v2\/comments?post=1338"}],"version-history":[{"count":6,"href":"https:\/\/oneprida.silicontechnolabs.com\/fr\/wp-json\/wp\/v2\/pages\/1338\/revisions"}],"predecessor-version":[{"id":1517,"href":"https:\/\/oneprida.silicontechnolabs.com\/fr\/wp-json\/wp\/v2\/pages\/1338\/revisions\/1517"}],"wp:attachment":[{"href":"https:\/\/oneprida.silicontechnolabs.com\/fr\/wp-json\/wp\/v2\/media?parent=1338"}],"curies":[{"name":"wp","href":"https:\/\/api.w.org\/{rel}","templated":true}]}}