{"id":1353,"date":"2020-03-30T18:39:45","date_gmt":"2020-03-30T18:39:45","guid":{"rendered":"https:\/\/oneprida.africa\/digital-platform\/"},"modified":"2020-04-24T09:59:46","modified_gmt":"2020-04-24T09:59:46","slug":"plateforme-numerique","status":"publish","type":"page","link":"https:\/\/oneprida.silicontechnolabs.com\/fr\/plateforme-numerique\/","title":{"rendered":"PLATEFORME NUM\u00c9RIQUE"},"content":{"rendered":"<p><span style=\"font-weight: 400;\">Le projet \u00ab\u00a0Policy and Regulation Initiative for Digital Africa\u00a0\u00bb (PRIDA) sera\u00a0 accompagn\u00e9 d\u2019une plate-forme num\u00e9rique qui vise \u00e0 servir d&rsquo;espace virtuel s\u00e9curis\u00e9\u00a0 qui permettra aux experts et d\u00e9cideurs africains d\u2019\u00e9changer les meilleures pratiques et aussi d\u2019entreprendre des consultations sur les questions de politique num\u00e9rique qui engagent les nations africaines au niveau international.<\/span><\/p>\n<p><span style=\"font-weight: 400;\">La plate-forme num\u00e9rique PRIDA aspire \u00e0\u00a0 devenir, dans les ann\u00e9es \u00e0 venir, un centre d&rsquo;information commun pour toutes les politiques, l\u00e9gislations et r\u00e9glementations nationales, r\u00e9gionales et continentales relatives aux TIC, t\u00e9l\u00e9communication\u00a0 et technologies num\u00e9rique. Parmi ses fonctions, elle fournira un espace et des outils pour soutenir l&rsquo;harmonisation des politiques et\u00a0 r\u00e9glementations des TIC et t\u00e9l\u00e9communications, elle comprendra un m\u00e9canisme de collecte de donn\u00e9es sur les TIC&amp;\u00a0 Internet pour entreprendre des statistiques et des analyse afin de suivre et d&rsquo;\u00e9valuer efficacement les progr\u00e8s des pays africains en mati\u00e8re de taux de p\u00e9n\u00e9tration du haut d\u00e9bit et en termes de pr\u00e9paration \u00e0 la transformation num\u00e9rique.<\/span><\/p>\n<p><span style=\"font-weight: 400;\">La plateforme num\u00e9rique continental assurera la p\u00e9rennit\u00e9 du projet PRIDA au-del\u00e0 de 2021 en soutenant les processus d&rsquo;\u00e9laboration des politiques en mati\u00e8re des TIC\u00a0 en Afrique, en renfor\u00e7ant la coop\u00e9ration et la collaboration entre les autorit\u00e9s nationales de r\u00e9gulation des t\u00e9l\u00e9communications (ARN) et les association r\u00e9gionale des r\u00e9gulateurs sur les questions r\u00e9glementaires \u00e9mergentes\u00a0 . Elle\u00a0 jouera \u00e9galement un r\u00f4le essentiel pour connecter les experts africains et les diff\u00e9rentes parties prenantes afin de renforcer la coop\u00e9ration num\u00e9rique et de faciliter l&rsquo;\u00e9laboration des positions communes Africaine sur la gouvernance de l&rsquo;Internet et autre question pertinentes de politique num\u00e9rique.<\/span><\/p>\n<p><span style=\"font-weight: 400;\">La plateforme en ligne PRIDA a pour objectif de tenir inform\u00e9s\u00a0 les \u00c9tats membres de l&rsquo;UA et les organisations r\u00e9gionales des derniers d\u00e9veloppements dans le secteur des TIC et technologies num\u00e9rique gr\u00e2ce \u00e0 des formations et des s\u00e9minaires en ligne.<\/span><\/p>\n<p><strong>La plateforme en ligne comprend les 7 modules suivants:<\/strong><\/p>\n<ol>\n<li><span style=\"font-weight: 400;\">Un guichet unique pour toutes les politiques, l\u00e9gislations et r\u00e9glementations.\n<\/li>\n<li><span style=\"font-weight: 400;\">Outil d\u2019harmonisation et m\u00e9thode de suivi des politiques, l\u00e9gislations et  r\u00e8glementations\n<\/li>\n<li><span style=\"font-weight: 400;\">Programmes de formations continues\n<\/li>\n<ul>\n<li><span style=\"font-weight: 400;\">Formation en politique, l\u00e9gislation et r\u00e9glementation des TIC<\/span><\/li>\n<li><span style=\"font-weight: 400;\">Formation sur la gouvernance de l&rsquo;Internet (GI)<\/span><\/li>\n<li><span style=\"font-weight: 400;\">Formation sur les syst\u00e8mes de noms de domaine (DNS)\n<p><\/span><\/li>\n<\/ul>\n<li><span style=\"font-weight: 400;\">Statistiques et donn\u00e9es sur les TIC\n<\/li>\n<li><span style=\"font-weight: 400;\">Collaboration, \u00e9change des meilleures pratiques\n<\/li>\n<ul>\n<li><span style=\"font-weight: 400;\">Espace de travail<\/span><\/li>\n<li><span style=\"font-weight: 400;\">Portail pour groupes d&rsquo;experts<\/span><\/li>\n<li><span style=\"font-weight: 400;\">Clinique de la politique num\u00e9rique (GI)\n<p><\/span><\/li>\n<\/ul>\n<li><span style=\"font-weight: 400;\">Coordonner les positions communes africaines\n<\/li>\n<li><span style=\"font-weight: 400;\">Librairie en ligne\n<\/li>\n<\/ol>\n<div class=\"digiprida-img\"><img loading=\"lazy\" decoding=\"async\" src=\"https:\/\/prida.africa\/wp-content\/uploads\/2020\/03\/digital-prida-1024x742.jpg\" alt=\"Digital Prida\" width=\"580\" height=\"420\" class=\"aligncenter size-large wp-image-1045\" srcset=\"https:\/\/oneprida.silicontechnolabs.com\/wp-content\/uploads\/2020\/03\/digital-prida-1024x742.jpg 1024w, https:\/\/oneprida.silicontechnolabs.com\/wp-content\/uploads\/2020\/03\/digital-prida-300x217.jpg 300w, https:\/\/oneprida.silicontechnolabs.com\/wp-content\/uploads\/2020\/03\/digital-prida-768x557.jpg 768w, https:\/\/oneprida.silicontechnolabs.com\/wp-content\/uploads\/2020\/03\/digital-prida-1200x870.jpg 1200w, https:\/\/oneprida.silicontechnolabs.com\/wp-content\/uploads\/2020\/03\/digital-prida.jpg 1516w\" sizes=\"auto, (max-width: 580px) 100vw, 580px\" \/><\/p>\n<\/div>\n<p><span style=\"font-weight: 400;\">Diagramme montrant la conception de la plateforme num\u00e9rique de l&rsquo;UA pour la coordination et l&rsquo;harmonisation des TIC et technologies num\u00e9rique.<\/span><\/p>\n<p><\/p>\n<p><span style=\"font-weight: 400;\">Veuillez utiliser le lien: <a href=\"http:\/\/www.auprida.africa\/\" target=\"_blank\" rel=\"noopener noreferrer\">www.auprida.africa<\/a> pour acc\u00e9der \u00e0 la plateforme num\u00e9rique PRIDA.<\/span><\/p>\n","protected":false},"excerpt":{"rendered":"<p>Le projet \u00ab\u00a0Policy and Regulation Initiative for Digital Africa\u00a0\u00bb (PRIDA) sera\u00a0 accompagn\u00e9 d\u2019une plate-forme num\u00e9rique qui vise \u00e0 servir d&rsquo;espace virtuel s\u00e9curis\u00e9\u00a0 qui permettra aux experts et d\u00e9cideurs africains d\u2019\u00e9changer les meilleures pratiques et aussi d\u2019entreprendre des consultations sur les questions de politique num\u00e9rique qui engagent les nations africaines au niveau international. La plate-forme num\u00e9rique [&hellip;]<\/p>\n","protected":false},"author":1,"featured_media":0,"parent":0,"menu_order":0,"comment_status":"closed","ping_status":"closed","template":"","meta":{"footnotes":""},"class_list":["post-1353","page","type-page","status-publish","hentry"],"yoast_head":"<!-- This site is optimized with the Yoast SEO plugin v22.7 - https:\/\/yoast.com\/wordpress\/plugins\/seo\/ -->\n<title>PLATEFORME NUM\u00c9RIQUE - PRIDA - Policy and Regulation Initiative for Digital Africa<\/title>\n<meta name=\"robots\" content=\"index, follow, max-snippet:-1, max-image-preview:large, max-video-preview:-1\" \/>\n<link rel=\"canonical\" href=\"https:\/\/oneprida.silicontechnolabs.com\/digital-platform\/\" \/>\n<meta property=\"og:locale\" content=\"fr_FR\" \/>\n<meta property=\"og:type\" content=\"article\" \/>\n<meta property=\"og:title\" content=\"PLATEFORME NUM\u00c9RIQUE - PRIDA - Policy and Regulation Initiative for Digital Africa\" \/>\n<meta property=\"og:description\" content=\"Le projet \u00ab\u00a0Policy and Regulation Initiative for Digital Africa\u00a0\u00bb (PRIDA) sera\u00a0 accompagn\u00e9 d\u2019une plate-forme num\u00e9rique qui vise \u00e0 servir d&rsquo;espace virtuel s\u00e9curis\u00e9\u00a0 qui permettra aux experts et d\u00e9cideurs africains d\u2019\u00e9changer les meilleures pratiques et aussi d\u2019entreprendre des consultations sur les questions de politique num\u00e9rique qui engagent les nations africaines au niveau international. La plate-forme num\u00e9rique [&hellip;]\" \/>\n<meta property=\"og:url\" content=\"https:\/\/oneprida.silicontechnolabs.com\/digital-platform\/\" \/>\n<meta property=\"og:site_name\" content=\"PRIDA - Policy and Regulation Initiative for Digital Africa\" \/>\n<meta property=\"article:modified_time\" content=\"2020-04-24T09:59:46+00:00\" \/>\n<meta property=\"og:image\" content=\"https:\/\/prida.africa\/wp-content\/uploads\/2020\/03\/digital-prida-1024x742.jpg\" \/>\n<meta name=\"twitter:card\" content=\"summary_large_image\" \/>\n<meta name=\"twitter:label1\" content=\"Dur\u00e9e de lecture estim\u00e9e\" \/>\n\t<meta name=\"twitter:data1\" content=\"2 minutes\" \/>\n<script type=\"application\/ld+json\" class=\"yoast-schema-graph\">{\"@context\":\"https:\/\/schema.org\",\"@graph\":[{\"@type\":\"WebPage\",\"@id\":\"https:\/\/oneprida.silicontechnolabs.com\/digital-platform\/\",\"url\":\"https:\/\/oneprida.silicontechnolabs.com\/digital-platform\/\",\"name\":\"PLATEFORME NUM\u00c9RIQUE - PRIDA - Policy and Regulation Initiative for Digital Africa\",\"isPartOf\":{\"@id\":\"https:\/\/oneprida.silicontechnolabs.com\/#website\"},\"primaryImageOfPage\":{\"@id\":\"https:\/\/oneprida.silicontechnolabs.com\/digital-platform\/#primaryimage\"},\"image\":{\"@id\":\"https:\/\/oneprida.silicontechnolabs.com\/digital-platform\/#primaryimage\"},\"thumbnailUrl\":\"https:\/\/prida.africa\/wp-content\/uploads\/2020\/03\/digital-prida-1024x742.jpg\",\"datePublished\":\"2020-03-30T18:39:45+00:00\",\"dateModified\":\"2020-04-24T09:59:46+00:00\",\"breadcrumb\":{\"@id\":\"https:\/\/oneprida.silicontechnolabs.com\/digital-platform\/#breadcrumb\"},\"inLanguage\":\"fr-FR\",\"potentialAction\":[{\"@type\":\"ReadAction\",\"target\":[\"https:\/\/oneprida.silicontechnolabs.com\/digital-platform\/\"]}]},{\"@type\":\"ImageObject\",\"inLanguage\":\"fr-FR\",\"@id\":\"https:\/\/oneprida.silicontechnolabs.com\/digital-platform\/#primaryimage\",\"url\":\"https:\/\/prida.africa\/wp-content\/uploads\/2020\/03\/digital-prida-1024x742.jpg\",\"contentUrl\":\"https:\/\/prida.africa\/wp-content\/uploads\/2020\/03\/digital-prida-1024x742.jpg\"},{\"@type\":\"BreadcrumbList\",\"@id\":\"https:\/\/oneprida.silicontechnolabs.com\/digital-platform\/#breadcrumb\",\"itemListElement\":[{\"@type\":\"ListItem\",\"position\":1,\"name\":\"Home\",\"item\":\"https:\/\/oneprida.silicontechnolabs.com\/fr\/\"},{\"@type\":\"ListItem\",\"position\":2,\"name\":\"PLATEFORME NUM\u00c9RIQUE\"}]},{\"@type\":\"WebSite\",\"@id\":\"https:\/\/oneprida.silicontechnolabs.com\/#website\",\"url\":\"https:\/\/oneprida.silicontechnolabs.com\/\",\"name\":\"PRIDA - Policy and Regulation Initiative for Digital Africa\",\"description\":\"PRIDA will foster universally accessible and affordable broadband across Africa.\",\"potentialAction\":[{\"@type\":\"SearchAction\",\"target\":{\"@type\":\"EntryPoint\",\"urlTemplate\":\"https:\/\/oneprida.silicontechnolabs.com\/?s={search_term_string}\"},\"query-input\":\"required name=search_term_string\"}],\"inLanguage\":\"fr-FR\"}]}<\/script>\n<!-- \/ Yoast SEO plugin. -->","yoast_head_json":{"title":"PLATEFORME NUM\u00c9RIQUE - PRIDA - Policy and Regulation Initiative for Digital Africa","robots":{"index":"index","follow":"follow","max-snippet":"max-snippet:-1","max-image-preview":"max-image-preview:large","max-video-preview":"max-video-preview:-1"},"canonical":"https:\/\/oneprida.silicontechnolabs.com\/digital-platform\/","og_locale":"fr_FR","og_type":"article","og_title":"PLATEFORME NUM\u00c9RIQUE - PRIDA - Policy and Regulation Initiative for Digital Africa","og_description":"Le projet \u00ab\u00a0Policy and Regulation Initiative for Digital Africa\u00a0\u00bb (PRIDA) sera\u00a0 accompagn\u00e9 d\u2019une plate-forme num\u00e9rique qui vise \u00e0 servir d&rsquo;espace virtuel s\u00e9curis\u00e9\u00a0 qui permettra aux experts et d\u00e9cideurs africains d\u2019\u00e9changer les meilleures pratiques et aussi d\u2019entreprendre des consultations sur les questions de politique num\u00e9rique qui engagent les nations africaines au niveau international. La plate-forme num\u00e9rique [&hellip;]","og_url":"https:\/\/oneprida.silicontechnolabs.com\/digital-platform\/","og_site_name":"PRIDA - Policy and Regulation Initiative for Digital Africa","article_modified_time":"2020-04-24T09:59:46+00:00","og_image":[{"url":"https:\/\/prida.africa\/wp-content\/uploads\/2020\/03\/digital-prida-1024x742.jpg"}],"twitter_card":"summary_large_image","twitter_misc":{"Dur\u00e9e de lecture estim\u00e9e":"2 minutes"},"schema":{"@context":"https:\/\/schema.org","@graph":[{"@type":"WebPage","@id":"https:\/\/oneprida.silicontechnolabs.com\/digital-platform\/","url":"https:\/\/oneprida.silicontechnolabs.com\/digital-platform\/","name":"PLATEFORME NUM\u00c9RIQUE - PRIDA - Policy and Regulation Initiative for Digital Africa","isPartOf":{"@id":"https:\/\/oneprida.silicontechnolabs.com\/#website"},"primaryImageOfPage":{"@id":"https:\/\/oneprida.silicontechnolabs.com\/digital-platform\/#primaryimage"},"image":{"@id":"https:\/\/oneprida.silicontechnolabs.com\/digital-platform\/#primaryimage"},"thumbnailUrl":"https:\/\/prida.africa\/wp-content\/uploads\/2020\/03\/digital-prida-1024x742.jpg","datePublished":"2020-03-30T18:39:45+00:00","dateModified":"2020-04-24T09:59:46+00:00","breadcrumb":{"@id":"https:\/\/oneprida.silicontechnolabs.com\/digital-platform\/#breadcrumb"},"inLanguage":"fr-FR","potentialAction":[{"@type":"ReadAction","target":["https:\/\/oneprida.silicontechnolabs.com\/digital-platform\/"]}]},{"@type":"ImageObject","inLanguage":"fr-FR","@id":"https:\/\/oneprida.silicontechnolabs.com\/digital-platform\/#primaryimage","url":"https:\/\/prida.africa\/wp-content\/uploads\/2020\/03\/digital-prida-1024x742.jpg","contentUrl":"https:\/\/prida.africa\/wp-content\/uploads\/2020\/03\/digital-prida-1024x742.jpg"},{"@type":"BreadcrumbList","@id":"https:\/\/oneprida.silicontechnolabs.com\/digital-platform\/#breadcrumb","itemListElement":[{"@type":"ListItem","position":1,"name":"Home","item":"https:\/\/oneprida.silicontechnolabs.com\/fr\/"},{"@type":"ListItem","position":2,"name":"PLATEFORME NUM\u00c9RIQUE"}]},{"@type":"WebSite","@id":"https:\/\/oneprida.silicontechnolabs.com\/#website","url":"https:\/\/oneprida.silicontechnolabs.com\/","name":"PRIDA - Policy and Regulation Initiative for Digital Africa","description":"PRIDA will foster universally accessible and affordable broadband across Africa.","potentialAction":[{"@type":"SearchAction","target":{"@type":"EntryPoint","urlTemplate":"https:\/\/oneprida.silicontechnolabs.com\/?s={search_term_string}"},"query-input":"required name=search_term_string"}],"inLanguage":"fr-FR"}]}},"_links":{"self":[{"href":"https:\/\/oneprida.silicontechnolabs.com\/fr\/wp-json\/wp\/v2\/pages\/1353","targetHints":{"allow":["GET"]}}],"collection":[{"href":"https:\/\/oneprida.silicontechnolabs.com\/fr\/wp-json\/wp\/v2\/pages"}],"about":[{"href":"https:\/\/oneprida.silicontechnolabs.com\/fr\/wp-json\/wp\/v2\/types\/page"}],"author":[{"embeddable":true,"href":"https:\/\/oneprida.silicontechnolabs.com\/fr\/wp-json\/wp\/v2\/users\/1"}],"replies":[{"embeddable":true,"href":"https:\/\/oneprida.silicontechnolabs.com\/fr\/wp-json\/wp\/v2\/comments?post=1353"}],"version-history":[{"count":16,"href":"https:\/\/oneprida.silicontechnolabs.com\/fr\/wp-json\/wp\/v2\/pages\/1353\/revisions"}],"predecessor-version":[{"id":1423,"href":"https:\/\/oneprida.silicontechnolabs.com\/fr\/wp-json\/wp\/v2\/pages\/1353\/revisions\/1423"}],"wp:attachment":[{"href":"https:\/\/oneprida.silicontechnolabs.com\/fr\/wp-json\/wp\/v2\/media?parent=1353"}],"curies":[{"name":"wp","href":"https:\/\/api.w.org\/{rel}","templated":true}]}}