{"id":1377,"date":"2020-04-22T07:35:11","date_gmt":"2020-04-22T07:35:11","guid":{"rendered":"https:\/\/oneprida.africa\/mainstreaming-ict\/"},"modified":"2020-05-08T06:49:35","modified_gmt":"2020-05-08T06:49:35","slug":"integration-des-tic","status":"publish","type":"page","link":"https:\/\/oneprida.silicontechnolabs.com\/fr\/integration-des-tic\/","title":{"rendered":"Int\u00e9gration des TIC"},"content":{"rendered":"<p>L&rsquo;int\u00e9gration des TIC dans les secteurs prioritaires est un autre domaine prioritaire de la commission de l&rsquo;Union africaine pour aider les pays africains \u00e0 saisir pleinement le potentiel de d\u00e9veloppement des TIC. \u00c0 cet \u00e9gard, le projet PRIDA vise \u00e0 sensibiliser les acteurs concern\u00e9s en Afrique, en particulier les autorit\u00e9s publiques et la soci\u00e9t\u00e9 civile, \u00e0 l&rsquo;int\u00e9gration et \u00e0 l&rsquo;int\u00e9gration des TIC et des technologies num\u00e9riques dans l&rsquo;\u00e9conomie et la soci\u00e9t\u00e9 africaines.<\/p>\n<p>Le projet soutient en outre l&rsquo;\u00e9laboration de plans de mise en \u0153uvre sectoriels d\u00e9taill\u00e9s pour les secteurs critiques identifi\u00e9s dans la strat\u00e9gie de transformation num\u00e9rique (sant\u00e9 num\u00e9rique, \u00e9ducation num\u00e9rique, agriculture num\u00e9rique, gouvernance num\u00e9rique, etc.), y compris la conception de programmes et de projets sur la base des recommandations politiques propos\u00e9es et actions propos\u00e9es par la DTS.<\/p>\n<p>La strat\u00e9gie de transformation num\u00e9rique strat\u00e9gie de transformation num\u00e9rique (DTS) pour l&rsquo;Afrique a \u00e9t\u00e9 \u00e9labor\u00e9e avec un objectif g\u00e9n\u00e9ral de \u00abtirer parti des technologies et de l&rsquo;innovation num\u00e9riques pour transformer les soci\u00e9t\u00e9s et les \u00e9conomies africaines afin de promouvoir l&rsquo;int\u00e9gration de l&rsquo;Afrique, g\u00e9n\u00e9rer une croissance \u00e9conomique inclusive, stimuler la cr\u00e9ation d&#8217;emplois, effacer la fracture num\u00e9rique et \u00e9liminer la pauvret\u00e9 pour garantir les avantages de la r\u00e9volution num\u00e9rique pour le d\u00e9veloppement socio-\u00e9conomique. \u00bb<\/p>\n<p>&nbsp;<\/p>\n","protected":false},"excerpt":{"rendered":"<p>L&rsquo;int\u00e9gration des TIC dans les secteurs prioritaires est un autre domaine prioritaire de la commission de l&rsquo;Union africaine pour aider les pays africains \u00e0 saisir pleinement le potentiel de d\u00e9veloppement des TIC. \u00c0 cet \u00e9gard, le projet PRIDA vise \u00e0 sensibiliser les acteurs concern\u00e9s en Afrique, en particulier les autorit\u00e9s publiques et la soci\u00e9t\u00e9 civile, [&hellip;]<\/p>\n","protected":false},"author":1,"featured_media":0,"parent":0,"menu_order":0,"comment_status":"closed","ping_status":"closed","template":"","meta":{"footnotes":""},"class_list":["post-1377","page","type-page","status-publish","hentry"],"yoast_head":"<!-- This site is optimized with the Yoast SEO plugin v22.7 - https:\/\/yoast.com\/wordpress\/plugins\/seo\/ -->\n<title>Int\u00e9gration des TIC - PRIDA - Policy and Regulation Initiative for Digital Africa<\/title>\n<meta name=\"robots\" content=\"index, follow, max-snippet:-1, max-image-preview:large, max-video-preview:-1\" \/>\n<link rel=\"canonical\" href=\"https:\/\/oneprida.silicontechnolabs.com\/fr\/integration-des-tic\/\" \/>\n<meta property=\"og:locale\" content=\"fr_FR\" \/>\n<meta property=\"og:type\" content=\"article\" \/>\n<meta property=\"og:title\" content=\"Int\u00e9gration des TIC - PRIDA - Policy and Regulation Initiative for Digital Africa\" \/>\n<meta property=\"og:description\" content=\"L&rsquo;int\u00e9gration des TIC dans les secteurs prioritaires est un autre domaine prioritaire de la commission de l&rsquo;Union africaine pour aider les pays africains \u00e0 saisir pleinement le potentiel de d\u00e9veloppement des TIC. \u00c0 cet \u00e9gard, le projet PRIDA vise \u00e0 sensibiliser les acteurs concern\u00e9s en Afrique, en particulier les autorit\u00e9s publiques et la soci\u00e9t\u00e9 civile, [&hellip;]\" \/>\n<meta property=\"og:url\" content=\"https:\/\/oneprida.silicontechnolabs.com\/fr\/integration-des-tic\/\" \/>\n<meta property=\"og:site_name\" content=\"PRIDA - Policy and Regulation Initiative for Digital Africa\" \/>\n<meta property=\"article:modified_time\" content=\"2020-05-08T06:49:35+00:00\" \/>\n<meta name=\"twitter:card\" content=\"summary_large_image\" \/>\n<meta name=\"twitter:label1\" content=\"Dur\u00e9e de lecture estim\u00e9e\" \/>\n\t<meta name=\"twitter:data1\" content=\"1 minute\" \/>\n<script type=\"application\/ld+json\" class=\"yoast-schema-graph\">{\"@context\":\"https:\/\/schema.org\",\"@graph\":[{\"@type\":\"WebPage\",\"@id\":\"https:\/\/oneprida.silicontechnolabs.com\/fr\/integration-des-tic\/\",\"url\":\"https:\/\/oneprida.silicontechnolabs.com\/fr\/integration-des-tic\/\",\"name\":\"Int\u00e9gration des TIC - PRIDA - Policy and Regulation Initiative for Digital Africa\",\"isPartOf\":{\"@id\":\"https:\/\/oneprida.silicontechnolabs.com\/#website\"},\"datePublished\":\"2020-04-22T07:35:11+00:00\",\"dateModified\":\"2020-05-08T06:49:35+00:00\",\"breadcrumb\":{\"@id\":\"https:\/\/oneprida.silicontechnolabs.com\/fr\/integration-des-tic\/#breadcrumb\"},\"inLanguage\":\"fr-FR\",\"potentialAction\":[{\"@type\":\"ReadAction\",\"target\":[\"https:\/\/oneprida.silicontechnolabs.com\/fr\/integration-des-tic\/\"]}]},{\"@type\":\"BreadcrumbList\",\"@id\":\"https:\/\/oneprida.silicontechnolabs.com\/fr\/integration-des-tic\/#breadcrumb\",\"itemListElement\":[{\"@type\":\"ListItem\",\"position\":1,\"name\":\"Home\",\"item\":\"https:\/\/oneprida.silicontechnolabs.com\/fr\/\"},{\"@type\":\"ListItem\",\"position\":2,\"name\":\"Int\u00e9gration des TIC\"}]},{\"@type\":\"WebSite\",\"@id\":\"https:\/\/oneprida.silicontechnolabs.com\/#website\",\"url\":\"https:\/\/oneprida.silicontechnolabs.com\/\",\"name\":\"PRIDA - Policy and Regulation Initiative for Digital Africa\",\"description\":\"PRIDA will foster universally accessible and affordable broadband across Africa.\",\"potentialAction\":[{\"@type\":\"SearchAction\",\"target\":{\"@type\":\"EntryPoint\",\"urlTemplate\":\"https:\/\/oneprida.silicontechnolabs.com\/?s={search_term_string}\"},\"query-input\":\"required name=search_term_string\"}],\"inLanguage\":\"fr-FR\"}]}<\/script>\n<!-- \/ Yoast SEO plugin. -->","yoast_head_json":{"title":"Int\u00e9gration des TIC - PRIDA - Policy and Regulation Initiative for Digital Africa","robots":{"index":"index","follow":"follow","max-snippet":"max-snippet:-1","max-image-preview":"max-image-preview:large","max-video-preview":"max-video-preview:-1"},"canonical":"https:\/\/oneprida.silicontechnolabs.com\/fr\/integration-des-tic\/","og_locale":"fr_FR","og_type":"article","og_title":"Int\u00e9gration des TIC - PRIDA - Policy and Regulation Initiative for Digital Africa","og_description":"L&rsquo;int\u00e9gration des TIC dans les secteurs prioritaires est un autre domaine prioritaire de la commission de l&rsquo;Union africaine pour aider les pays africains \u00e0 saisir pleinement le potentiel de d\u00e9veloppement des TIC. \u00c0 cet \u00e9gard, le projet PRIDA vise \u00e0 sensibiliser les acteurs concern\u00e9s en Afrique, en particulier les autorit\u00e9s publiques et la soci\u00e9t\u00e9 civile, [&hellip;]","og_url":"https:\/\/oneprida.silicontechnolabs.com\/fr\/integration-des-tic\/","og_site_name":"PRIDA - Policy and Regulation Initiative for Digital Africa","article_modified_time":"2020-05-08T06:49:35+00:00","twitter_card":"summary_large_image","twitter_misc":{"Dur\u00e9e de lecture estim\u00e9e":"1 minute"},"schema":{"@context":"https:\/\/schema.org","@graph":[{"@type":"WebPage","@id":"https:\/\/oneprida.silicontechnolabs.com\/fr\/integration-des-tic\/","url":"https:\/\/oneprida.silicontechnolabs.com\/fr\/integration-des-tic\/","name":"Int\u00e9gration des TIC - PRIDA - Policy and Regulation Initiative for Digital Africa","isPartOf":{"@id":"https:\/\/oneprida.silicontechnolabs.com\/#website"},"datePublished":"2020-04-22T07:35:11+00:00","dateModified":"2020-05-08T06:49:35+00:00","breadcrumb":{"@id":"https:\/\/oneprida.silicontechnolabs.com\/fr\/integration-des-tic\/#breadcrumb"},"inLanguage":"fr-FR","potentialAction":[{"@type":"ReadAction","target":["https:\/\/oneprida.silicontechnolabs.com\/fr\/integration-des-tic\/"]}]},{"@type":"BreadcrumbList","@id":"https:\/\/oneprida.silicontechnolabs.com\/fr\/integration-des-tic\/#breadcrumb","itemListElement":[{"@type":"ListItem","position":1,"name":"Home","item":"https:\/\/oneprida.silicontechnolabs.com\/fr\/"},{"@type":"ListItem","position":2,"name":"Int\u00e9gration des TIC"}]},{"@type":"WebSite","@id":"https:\/\/oneprida.silicontechnolabs.com\/#website","url":"https:\/\/oneprida.silicontechnolabs.com\/","name":"PRIDA - Policy and Regulation Initiative for Digital Africa","description":"PRIDA will foster universally accessible and affordable broadband across Africa.","potentialAction":[{"@type":"SearchAction","target":{"@type":"EntryPoint","urlTemplate":"https:\/\/oneprida.silicontechnolabs.com\/?s={search_term_string}"},"query-input":"required name=search_term_string"}],"inLanguage":"fr-FR"}]}},"_links":{"self":[{"href":"https:\/\/oneprida.silicontechnolabs.com\/fr\/wp-json\/wp\/v2\/pages\/1377","targetHints":{"allow":["GET"]}}],"collection":[{"href":"https:\/\/oneprida.silicontechnolabs.com\/fr\/wp-json\/wp\/v2\/pages"}],"about":[{"href":"https:\/\/oneprida.silicontechnolabs.com\/fr\/wp-json\/wp\/v2\/types\/page"}],"author":[{"embeddable":true,"href":"https:\/\/oneprida.silicontechnolabs.com\/fr\/wp-json\/wp\/v2\/users\/1"}],"replies":[{"embeddable":true,"href":"https:\/\/oneprida.silicontechnolabs.com\/fr\/wp-json\/wp\/v2\/comments?post=1377"}],"version-history":[{"count":10,"href":"https:\/\/oneprida.silicontechnolabs.com\/fr\/wp-json\/wp\/v2\/pages\/1377\/revisions"}],"predecessor-version":[{"id":1643,"href":"https:\/\/oneprida.silicontechnolabs.com\/fr\/wp-json\/wp\/v2\/pages\/1377\/revisions\/1643"}],"wp:attachment":[{"href":"https:\/\/oneprida.silicontechnolabs.com\/fr\/wp-json\/wp\/v2\/media?parent=1377"}],"curies":[{"name":"wp","href":"https:\/\/api.w.org\/{rel}","templated":true}]}}