{"id":913,"date":"2020-03-16T13:12:38","date_gmt":"2020-03-16T13:12:38","guid":{"rendered":"https:\/\/oneprida.africa\/about-us\/"},"modified":"2020-05-06T13:28:20","modified_gmt":"2020-05-06T13:28:20","slug":"a-propos-de-nous","status":"publish","type":"page","link":"https:\/\/oneprida.silicontechnolabs.com\/fr\/a-propos-de-nous\/","title":{"rendered":"\u00c0 PROPOS DE NOUS"},"content":{"rendered":"<p>L&rsquo;Initiative politique et r\u00e9glementaire pour l&rsquo;Afrique num\u00e9rique (PRIDA) est une initiative conjointe de l&rsquo;Union africaine (UA), de l&rsquo;Union europ\u00e9enne (UE) et de l&rsquo;Union internationale des t\u00e9l\u00e9communications (UIT), qui permet au continent africain de r\u00e9colter les fruits la num\u00e9risation en abordant diverses dimensions de l&rsquo;offre et de la demande de large bande en Afrique et en renfor\u00e7ant les capacit\u00e9s des \u00c9tats membres de l&rsquo;UA dans l&rsquo;espace de la gouvernance de l&rsquo;Internet.<\/p>\n<p>Il est soutenu par le programme panafricain financ\u00e9 par l&rsquo;UE.<\/p>\n<p>Le PRIDA a trois lots de travaux ou \u00ab\u00a0Tracks\u00a0\u00bb:<\/p>\n<p>L&rsquo;UIT est charg\u00e9e d&rsquo;assurer une utilisation efficace et harmonis\u00e9e du spectre \u00e0 travers le continent (Track 1), la Commission de l&rsquo;Union africaine est responsable de l&rsquo;harmonisation de la politique mesurable des TIC \/ t\u00e9l\u00e9communications, des cadres juridiques et r\u00e9glementaires (Track 2) et du renforcement de la participation active des parties prenantes africaines dans le d\u00e9bat mondial sur la gouvernance de l&rsquo;Internet (Track 3).<\/p>\n","protected":false},"excerpt":{"rendered":"<p>L&rsquo;Initiative politique et r\u00e9glementaire pour l&rsquo;Afrique num\u00e9rique (PRIDA) est une initiative conjointe de l&rsquo;Union africaine (UA), de l&rsquo;Union europ\u00e9enne (UE) et de l&rsquo;Union internationale des t\u00e9l\u00e9communications (UIT), qui permet au continent africain de r\u00e9colter les fruits la num\u00e9risation en abordant diverses dimensions de l&rsquo;offre et de la demande de large bande en Afrique et en [&hellip;]<\/p>\n","protected":false},"author":1,"featured_media":0,"parent":0,"menu_order":0,"comment_status":"closed","ping_status":"closed","template":"templates\/template-aboutus.php","meta":{"footnotes":""},"class_list":["post-913","page","type-page","status-publish","hentry"],"yoast_head":"<!-- This site is optimized with the Yoast SEO plugin v22.7 - https:\/\/yoast.com\/wordpress\/plugins\/seo\/ -->\n<title>\u00c0 PROPOS DE NOUS - PRIDA - Policy and Regulation Initiative for Digital Africa<\/title>\n<meta name=\"robots\" content=\"index, follow, max-snippet:-1, max-image-preview:large, max-video-preview:-1\" \/>\n<link rel=\"canonical\" href=\"https:\/\/oneprida.silicontechnolabs.com\/about-us\/\" \/>\n<meta property=\"og:locale\" content=\"fr_FR\" \/>\n<meta property=\"og:type\" content=\"article\" \/>\n<meta property=\"og:title\" content=\"\u00c0 PROPOS DE NOUS - PRIDA - Policy and Regulation Initiative for Digital Africa\" \/>\n<meta property=\"og:description\" content=\"L&rsquo;Initiative politique et r\u00e9glementaire pour l&rsquo;Afrique num\u00e9rique (PRIDA) est une initiative conjointe de l&rsquo;Union africaine (UA), de l&rsquo;Union europ\u00e9enne (UE) et de l&rsquo;Union internationale des t\u00e9l\u00e9communications (UIT), qui permet au continent africain de r\u00e9colter les fruits la num\u00e9risation en abordant diverses dimensions de l&rsquo;offre et de la demande de large bande en Afrique et en [&hellip;]\" \/>\n<meta property=\"og:url\" content=\"https:\/\/oneprida.silicontechnolabs.com\/about-us\/\" \/>\n<meta property=\"og:site_name\" content=\"PRIDA - Policy and Regulation Initiative for Digital Africa\" \/>\n<meta property=\"article:modified_time\" content=\"2020-05-06T13:28:20+00:00\" \/>\n<meta name=\"twitter:card\" content=\"summary_large_image\" \/>\n<meta name=\"twitter:label1\" content=\"Dur\u00e9e de lecture estim\u00e9e\" \/>\n\t<meta name=\"twitter:data1\" content=\"1 minute\" \/>\n<script type=\"application\/ld+json\" class=\"yoast-schema-graph\">{\"@context\":\"https:\/\/schema.org\",\"@graph\":[{\"@type\":\"WebPage\",\"@id\":\"https:\/\/oneprida.silicontechnolabs.com\/about-us\/\",\"url\":\"https:\/\/oneprida.silicontechnolabs.com\/about-us\/\",\"name\":\"\u00c0 PROPOS DE NOUS - PRIDA - Policy and Regulation Initiative for Digital Africa\",\"isPartOf\":{\"@id\":\"https:\/\/oneprida.silicontechnolabs.com\/#website\"},\"datePublished\":\"2020-03-16T13:12:38+00:00\",\"dateModified\":\"2020-05-06T13:28:20+00:00\",\"breadcrumb\":{\"@id\":\"https:\/\/oneprida.silicontechnolabs.com\/about-us\/#breadcrumb\"},\"inLanguage\":\"fr-FR\",\"potentialAction\":[{\"@type\":\"ReadAction\",\"target\":[\"https:\/\/oneprida.silicontechnolabs.com\/about-us\/\"]}]},{\"@type\":\"BreadcrumbList\",\"@id\":\"https:\/\/oneprida.silicontechnolabs.com\/about-us\/#breadcrumb\",\"itemListElement\":[{\"@type\":\"ListItem\",\"position\":1,\"name\":\"Home\",\"item\":\"https:\/\/oneprida.silicontechnolabs.com\/fr\/\"},{\"@type\":\"ListItem\",\"position\":2,\"name\":\"\u00c0 PROPOS DE NOUS\"}]},{\"@type\":\"WebSite\",\"@id\":\"https:\/\/oneprida.silicontechnolabs.com\/#website\",\"url\":\"https:\/\/oneprida.silicontechnolabs.com\/\",\"name\":\"PRIDA - Policy and Regulation Initiative for Digital Africa\",\"description\":\"PRIDA will foster universally accessible and affordable broadband across Africa.\",\"potentialAction\":[{\"@type\":\"SearchAction\",\"target\":{\"@type\":\"EntryPoint\",\"urlTemplate\":\"https:\/\/oneprida.silicontechnolabs.com\/?s={search_term_string}\"},\"query-input\":\"required name=search_term_string\"}],\"inLanguage\":\"fr-FR\"}]}<\/script>\n<!-- \/ Yoast SEO plugin. -->","yoast_head_json":{"title":"\u00c0 PROPOS DE NOUS - PRIDA - Policy and Regulation Initiative for Digital Africa","robots":{"index":"index","follow":"follow","max-snippet":"max-snippet:-1","max-image-preview":"max-image-preview:large","max-video-preview":"max-video-preview:-1"},"canonical":"https:\/\/oneprida.silicontechnolabs.com\/about-us\/","og_locale":"fr_FR","og_type":"article","og_title":"\u00c0 PROPOS DE NOUS - PRIDA - Policy and Regulation Initiative for Digital Africa","og_description":"L&rsquo;Initiative politique et r\u00e9glementaire pour l&rsquo;Afrique num\u00e9rique (PRIDA) est une initiative conjointe de l&rsquo;Union africaine (UA), de l&rsquo;Union europ\u00e9enne (UE) et de l&rsquo;Union internationale des t\u00e9l\u00e9communications (UIT), qui permet au continent africain de r\u00e9colter les fruits la num\u00e9risation en abordant diverses dimensions de l&rsquo;offre et de la demande de large bande en Afrique et en [&hellip;]","og_url":"https:\/\/oneprida.silicontechnolabs.com\/about-us\/","og_site_name":"PRIDA - Policy and Regulation Initiative for Digital Africa","article_modified_time":"2020-05-06T13:28:20+00:00","twitter_card":"summary_large_image","twitter_misc":{"Dur\u00e9e de lecture estim\u00e9e":"1 minute"},"schema":{"@context":"https:\/\/schema.org","@graph":[{"@type":"WebPage","@id":"https:\/\/oneprida.silicontechnolabs.com\/about-us\/","url":"https:\/\/oneprida.silicontechnolabs.com\/about-us\/","name":"\u00c0 PROPOS DE NOUS - PRIDA - Policy and Regulation Initiative for Digital Africa","isPartOf":{"@id":"https:\/\/oneprida.silicontechnolabs.com\/#website"},"datePublished":"2020-03-16T13:12:38+00:00","dateModified":"2020-05-06T13:28:20+00:00","breadcrumb":{"@id":"https:\/\/oneprida.silicontechnolabs.com\/about-us\/#breadcrumb"},"inLanguage":"fr-FR","potentialAction":[{"@type":"ReadAction","target":["https:\/\/oneprida.silicontechnolabs.com\/about-us\/"]}]},{"@type":"BreadcrumbList","@id":"https:\/\/oneprida.silicontechnolabs.com\/about-us\/#breadcrumb","itemListElement":[{"@type":"ListItem","position":1,"name":"Home","item":"https:\/\/oneprida.silicontechnolabs.com\/fr\/"},{"@type":"ListItem","position":2,"name":"\u00c0 PROPOS DE NOUS"}]},{"@type":"WebSite","@id":"https:\/\/oneprida.silicontechnolabs.com\/#website","url":"https:\/\/oneprida.silicontechnolabs.com\/","name":"PRIDA - Policy and Regulation Initiative for Digital Africa","description":"PRIDA will foster universally accessible and affordable broadband across Africa.","potentialAction":[{"@type":"SearchAction","target":{"@type":"EntryPoint","urlTemplate":"https:\/\/oneprida.silicontechnolabs.com\/?s={search_term_string}"},"query-input":"required name=search_term_string"}],"inLanguage":"fr-FR"}]}},"_links":{"self":[{"href":"https:\/\/oneprida.silicontechnolabs.com\/fr\/wp-json\/wp\/v2\/pages\/913","targetHints":{"allow":["GET"]}}],"collection":[{"href":"https:\/\/oneprida.silicontechnolabs.com\/fr\/wp-json\/wp\/v2\/pages"}],"about":[{"href":"https:\/\/oneprida.silicontechnolabs.com\/fr\/wp-json\/wp\/v2\/types\/page"}],"author":[{"embeddable":true,"href":"https:\/\/oneprida.silicontechnolabs.com\/fr\/wp-json\/wp\/v2\/users\/1"}],"replies":[{"embeddable":true,"href":"https:\/\/oneprida.silicontechnolabs.com\/fr\/wp-json\/wp\/v2\/comments?post=913"}],"version-history":[{"count":7,"href":"https:\/\/oneprida.silicontechnolabs.com\/fr\/wp-json\/wp\/v2\/pages\/913\/revisions"}],"predecessor-version":[{"id":1563,"href":"https:\/\/oneprida.silicontechnolabs.com\/fr\/wp-json\/wp\/v2\/pages\/913\/revisions\/1563"}],"wp:attachment":[{"href":"https:\/\/oneprida.silicontechnolabs.com\/fr\/wp-json\/wp\/v2\/media?parent=913"}],"curies":[{"name":"wp","href":"https:\/\/api.w.org\/{rel}","templated":true}]}}